{"id":2291,"date":"2024-09-15T10:46:09","date_gmt":"2024-09-15T08:46:09","guid":{"rendered":"https:\/\/sl-tt.com\/?page_id=2291"},"modified":"2024-09-15T10:46:28","modified_gmt":"2024-09-15T08:46:28","slug":"data-protection-2","status":"publish","type":"page","link":"https:\/\/sl-tt.com\/en\/data-protection-2\/","title":{"rendered":"Data protection"},"content":{"rendered":"\n<p><strong>Liebe Reisende,<\/strong><\/p>\n\n\n\n<p>wir, die SL Tours &amp; Transports (PVT) LTD (nachfolgernd SLTT genannt), m\u00f6chten Sie auf folgende, nachfolgenden Bestimmungen Ihres Reiseveranstalters, derSL Tours &amp; Transports (PVT) LTD, c\/o Sayu Garden Hotel, Lanumodara Road, 80630 Habaraduwa, Sri Lanka hinweisen.<\/p>\n\n\n\n<p>Wir verpflichten uns, Ihre pers\u00f6nlichen Daten zu sch\u00fctzen und Ihr Recht auf Privatsph\u00e4re zu wahren. Wenn Sie Fragen oder Bedenken hinsichtlich unserer Datenschutzrichtlinie oder unserer Praktiken in Bezug auf Ihre pers\u00f6nlichen Daten haben, kontaktieren Sie uns bitte.<br><br>Diese Datenschutzrichtlinie regelt die Datenschutzbestimmungen und -praktiken unserer Website. Bitte lesen Sie unsere Datenschutzrichtlinie sorgf\u00e4ltig durch, da sie Ihnen hilft, fundierte Entscheidungen \u00fcber das Teilen Ihrer pers\u00f6nlichen Daten mit uns zu treffen.<br><br><strong>Informationen, die wir sammeln<\/strong><br><br>Als Besucher k\u00f6nnen Sie unsere Website durchsuchen, um mehr \u00fcber uns zu erfahren. Sie sind als Besucher nicht verpflichtet, uns pers\u00f6nliche Daten zur Verf\u00fcgung zu stellen.<br><br><strong>Informationen, die Sie uns zur Verf\u00fcgung stellen<br><\/strong><br>Wir sammeln Ihre pers\u00f6nlichen Daten, wenn Sie Interesse an Informationen \u00fcber uns, unsere Produkte und Dienstleistungen bekunden oder uns anderweitig kontaktieren. In der Regel steuern Sie die Menge und die Art der Informationen, die Sie uns bei der Nutzung unserer Website zur Verf\u00fcgung stellen. Die pers\u00f6nlichen Daten, die wir sammeln, h\u00e4ngen vom Kontext Ihrer Interaktion mit uns und der Website, den von Ihnen getroffenen Entscheidungen und den genutzten Produkten und Funktionen ab. Zu den von uns gesammelten pers\u00f6nlichen Daten k\u00f6nnen geh\u00f6ren: Name, E-Mail-Adresse und Kontaktdaten.<br><br><strong>Automatisch gesammelte Informationen<\/strong><br><br>Wenn Sie unsere Website nutzen, sammeln wir automatisch bestimmte Computerinformationen durch die Interaktion Ihres Mobiltelefons oder Webbrowsers mit unserer Website. Solche Informationen werden typischerweise als nicht-pers\u00f6nliche Informationen betrachtet.<br><br><strong>Wir sammeln auch die folgenden Informationen:<br><\/strong><br>COOKIES<br><br>Unsere Website verwendet &#8222;Cookies&#8220;, um die Bereiche unserer Website zu identifizieren, die Sie besucht haben. Ein Cookie ist ein kleiner Datenschnipsel, das von Ihrem Webbrowser auf Ihrem Computer oder Mobilger\u00e4t gespeichert wird. Wir verwenden Cookies, um die Inhalte, die Sie auf unserer Website sehen, zu personalisieren. Die meisten Webbrowser k\u00f6nnen so eingestellt werden, dass die Verwendung von Cookies deaktiviert wird. Wenn Sie jedoch Cookies deaktivieren, k\u00f6nnen Sie m\u00f6glicherweise nicht auf die Funktionen unserer Website korrekt oder \u00fcberhaupt nicht zugreifen. Wir platzieren niemals personenbezogene Informationen in Cookies.<br><br>LOG-INFORMATIONEN<br>Wir erhalten automatisch Informationen von Ihrem Webbrowser oder Mobilger\u00e4t. Diese Informationen umfassen den Namen der Website, von der Sie zu unserer Website gekommen sind, falls zutreffend, sowie den Namen der Website, zu der Sie gehen, wenn Sie unsere Website verlassen. Diese Informationen umfassen auch die IP-Adresse Ihres Computers\/Proxys, die Sie zum Zugriff auf das Internet verwenden, den Namen Ihres Internetdienstanbieters, den Typ des Webbrowsers, den Typ des Mobilger\u00e4ts und das Betriebssystem Ihres Computers. Wir verwenden all diese Informationen, um Trends unter unseren Nutzern zu analysieren und unsere Website zu verbessern.<br><br>DIENSTLEISTER<br>Wir beauftragen Drittunternehmen und Einzelpersonen, unsere Website zu unterst\u00fctzen (&#8222;Dienstleister&#8220;), die Website in unserem Auftrag bereitzustellen, Dienstleistungen im Zusammenhang mit der Website zu erbringen oder uns bei der Analyse der Nutzung unserer Website zu unterst\u00fctzen.<\/p>\n\n\n\n<p>SL-Tours &amp; Transports PVT LTD<br>c\/o Sayu Garden Hotel<br>Lanumodara Road&nbsp;&nbsp;&nbsp;<br>80630 Habaraduwa \/ Sri Lanka<br>Gesch\u00e4ftsf\u00fchrer &amp; datenschutzbeauftragte: Neel Shanta Kumara &amp; Jens Ho ernig<br>Handelsregister &amp; Steuernummer: PV 00278394<\/p>\n\n\n<div class=\"frm_forms  with_frm_style frm_style_formidable-style\" id=\"frm_form_1_container\" data-token=\"0bfd21d3edf08d833fbd9bb975ce4b88\">\n<form enctype=\"multipart\/form-data\" method=\"post\" class=\"frm-show-form \" id=\"form_contact-form-1\" data-token=\"0bfd21d3edf08d833fbd9bb975ce4b88\">\n<div class=\"frm_form_fields \">\n<fieldset>\n<legend class=\"frm_screen_reader\">Kontaktiere uns <\/legend>\r\n<h3 class=\"frm_form_title\">Kontaktiere uns <\/h3>\r\n<div class=\"frm_description\"><p>Wir freuen uns auf deine Anfrage. Bitte sende uns eine Nachricht und nutze dazu unser Formular. Wir werden uns in K\u00fcrze bei dir melden.<\/p>\n<\/div><div class=\"frm_fields_container\">\n<input type=\"hidden\" name=\"frm_action\" value=\"create\" \/>\n<input type=\"hidden\" name=\"form_id\" value=\"1\" \/>\n<input type=\"hidden\" name=\"frm_hide_fields_1\" id=\"frm_hide_fields_1\" value=\"\" \/>\n<input type=\"hidden\" name=\"form_key\" value=\"contact-form-1\" \/>\n<input type=\"hidden\" name=\"item_meta[0]\" value=\"\" \/>\n<input type=\"hidden\" id=\"frm_submit_entry_1\" name=\"frm_submit_entry_1\" value=\"204185a513\" \/><input type=\"hidden\" name=\"_wp_http_referer\" value=\"\/en\/wp-json\/wp\/v2\/pages\/2291\" \/><div id=\"frm_field_1_container\" class=\"frm_form_field form-field  frm_required_field frm_top_container frm_first frm_half\">\r\n    <label for=\"field_qh4icy\" id=\"field_qh4icy_label\" class=\"frm_primary_label\">Vorname\r\n        <span class=\"frm_required\" aria-hidden=\"true\">*<\/span>\r\n    <\/label>\r\n    <input type=\"text\" id=\"field_qh4icy\" name=\"item_meta[1]\" value=\"\"  data-reqmsg=\"Dieses Feld darf nicht leer sein.\" aria-required=\"true\" data-invmsg=\"Name ist ung\u00fcltig\" aria-invalid=\"false\"   aria-describedby=\"frm_desc_field_qh4icy\"\/>\r\n    <div class=\"frm_description\" id=\"frm_desc_field_qh4icy\">First<\/div>\r\n    \r\n<\/div>\n<div id=\"frm_field_2_container\" class=\"frm_form_field form-field  frm_required_field frm_hidden_container frm_half\">\r\n    <label for=\"field_ocfup1\" id=\"field_ocfup1_label\" class=\"frm_primary_label\">Nachname\r\n        <span class=\"frm_required\" aria-hidden=\"true\">*<\/span>\r\n    <\/label>\r\n    <input type=\"text\" id=\"field_ocfup1\" name=\"item_meta[2]\" value=\"\"  data-reqmsg=\"Dieses Feld darf nicht leer sein.\" aria-required=\"true\" data-invmsg=\"Last ist ung\u00fcltig\" aria-invalid=\"false\"   aria-describedby=\"frm_desc_field_ocfup1\"\/>\r\n    <div class=\"frm_description\" id=\"frm_desc_field_ocfup1\">Last<\/div>\r\n    \r\n<\/div>\n<div id=\"frm_field_3_container\" class=\"frm_form_field form-field  frm_required_field frm_top_container frm12 frm_first\">\r\n    <label for=\"field_29yf4d\" id=\"field_29yf4d_label\" class=\"frm_primary_label\">Mail\r\n        <span class=\"frm_required\" aria-hidden=\"true\">*<\/span>\r\n    <\/label>\r\n    <input type=\"email\" id=\"field_29yf4d\" name=\"item_meta[3]\" value=\"\"  data-reqmsg=\"Dieses Feld darf nicht leer sein.\" aria-required=\"true\" data-invmsg=\"Please enter a valid email address\" aria-invalid=\"false\"  \/>\r\n    \r\n    \r\n<\/div>\n<div id=\"frm_field_4_container\" class=\"frm_form_field form-field  frm_required_field frm_top_container frm_full\">\r\n    <label for=\"field_e6lis6\" id=\"field_e6lis6_label\" class=\"frm_primary_label\">Worum geht es?\r\n        <span class=\"frm_required\" aria-hidden=\"true\">*<\/span>\r\n    <\/label>\r\n    <input type=\"text\" id=\"field_e6lis6\" name=\"item_meta[4]\" value=\"\"  data-reqmsg=\"Dieses Feld darf nicht leer sein.\" aria-required=\"true\" data-invmsg=\"Subject ist ung\u00fcltig\" aria-invalid=\"false\"  \/>\r\n    \r\n    \r\n<\/div>\n<div id=\"frm_field_5_container\" class=\"frm_form_field form-field  frm_required_field frm_top_container frm_full\">\r\n    <label for=\"field_9jv0r1\" id=\"field_9jv0r1_label\" class=\"frm_primary_label\">Anfrage\r\n        <span class=\"frm_required\" aria-hidden=\"true\">*<\/span>\r\n    <\/label>\r\n    <textarea name=\"item_meta[5]\" id=\"field_9jv0r1\" rows=\"5\"  data-reqmsg=\"Dieses Feld darf nicht leer sein.\" aria-required=\"true\" data-invmsg=\"Anfrage is invalid\" aria-invalid=\"false\"  ><\/textarea>\r\n    \r\n    \r\n<\/div>\n<div id=\"frm_field_74_container\" class=\"frm_form_field form-field  frm_required_field frm_top_container\">\r\n\t<label for=\"field_4segu\" id=\"field_4segu_label\" class=\"frm_primary_label\">Welche Zahl folgt auf 99?\r\n\t\t<span class=\"frm_required\" aria-hidden=\"true\">*<\/span>\r\n\t<\/label>\r\n\t<input type=\"number\" id=\"field_4segu\" name=\"item_meta[74]\" value=\"\"  data-reqmsg=\"Dieses Feld darf nicht leer sein.\" aria-required=\"true\" data-invmsg=\"Welche Zahl folgt auf 99? ist ung\u00fcltig\" aria-invalid=\"false\"   min=\"100\" max=\"100\" step=\"any\"\/>\r\n\t\r\n\t\r\n<\/div>\n<div id=\"frm_field_134_container\" class=\"frm_form_field form-field  frm_required_field frm_top_container vertical_radio\">\n\t<div  id=\"field_n12fa_label\" class=\"frm_primary_label\">Einwilligung AGB & Datenschutz\n\t\t<span class=\"frm_required\" aria-hidden=\"true\">*<\/span>\n\t<\/div>\n\t<div class=\"frm_opt_container\" aria-labelledby=\"field_n12fa_label\" role=\"group\">\t\t<div class=\"frm_checkbox\" id=\"frm_checkbox_134-0\">\t\t\t<label  for=\"field_n12fa-0\">\n\t\t\t<input type=\"checkbox\" name=\"item_meta[134][]\" id=\"field_n12fa-0\" value=\"Unsere &lt;a href=&quot;https:\/\/sl-tt.com\/datenschutz-2\/&quot; target=&quot;_blank&quot;&gt;Datenschutzbestimmungen&lt;\/a&gt; hast du gelesen und verstanden.\"  data-reqmsg=\"Dieses Feld darf nicht leer sein.\" data-invmsg=\"Einwilligung AGB &amp; Datenschutz is invalid\"   aria-required=\"true\"  \/> Unsere <a href=\"https:\/\/sl-tt.com\/datenschutz-2\/\" target=\"_blank\">Datenschutzbestimmungen<\/a> hast du gelesen und verstanden.<\/label><\/div>\n<\/div>\n\t\n\t\n<\/div>\n<div id=\"frm_field_70_container\" class=\"frm_form_field form-field \">\r\n\t<div class=\"frm_submit\">\r\n\r\n<button class=\"frm_button_submit\" type=\"submit\"  >Absenden<\/button>\r\n\r\n\r\n<\/div>\r\n<\/div>\n\t<input type=\"hidden\" name=\"item_key\" value=\"\" \/>\n\t\t\t<div id=\"frm_field_172_container\">\n\t\t\t<label for=\"field_mx9l1\" >\n\t\t\t\tIf you are human, leave this field blank.\t\t\t<\/label>\n\t\t\t<input  id=\"field_mx9l1\" type=\"text\" class=\"frm_form_field form-field frm_verify\" name=\"item_meta[172]\" value=\"\"  \/>\n\t\t<\/div>\n\t\t<input name=\"frm_state\" type=\"hidden\" value=\"u8n6Q16DNxiaDdsOADc+hzjo1JuBbjfaNYcdOiYz7KQ=\" \/><\/div>\n<\/fieldset>\n<\/div>\n\n<\/form>\n<\/div>\n\n","protected":false},"excerpt":{"rendered":"<p>Liebe Reisende, wir, die SL Tours &amp; Transports (PVT) LTD (nachfolgernd SLTT genannt), m\u00f6chten Sie auf folgende, nachfolgenden Bestimmungen Ihres Reiseveranstalters, derSL Tours &amp; Transports (PVT) LTD, c\/o Sayu Garden Hotel, Lanumodara Road, 80630 Habaraduwa, Sri Lanka hinweisen. Wir verpflichten uns, Ihre pers\u00f6nlichen Daten zu sch\u00fctzen und Ihr Recht auf Privatsph\u00e4re zu wahren. Wenn Sie [&hellip;]<\/p>\n","protected":false},"author":2,"featured_media":0,"parent":0,"menu_order":0,"comment_status":"closed","ping_status":"closed","template":"","meta":{"iawp_total_views":3,"_citadela_hide_page_title":"","_citadela_remove_header_space":"","_citadela_custom_class":"","_citadela_half_map_provider":"","_citadela_half_map_theme":"","_citadela_half_map_themeOSM":"","_citadela_half_map_customTheme":"","_citadela_half_map_dataType":"","_citadela_half_map_dynamicTrack":false,"_citadela_half_map_trackColor":"","_citadela_half_map_trackEndpointsColor":"","_citadela_half_map_filterCategory":"","_citadela_half_map_filterLocation":"","_citadela_half_map_filterFeatured":false,"_citadela_half_map_noDataBehavior":"empty-map","_citadela_half_map_noDataText":"","_citadela_half_map_clusterGridSize":80,"_citadela_header":false,"_citadela_header_over_content":false,"_citadela_header_text_color":"","_citadela_header_logo":[],"_citadela_header_bg_image":[],"_citadela_header_bg_position":[],"_citadela_header_bg_size":"","_citadela_header_bg_repeat":"","_citadela_header_bg_fixed":false,"_citadela_header_bg_color":"","_citadela_header_bg_image_overlay":"","_citadela_header_transparent_bg":false,"_citadela_content_width":"","_citadela_half_layout_position":"","footnotes":""},"class_list":["post-2291","page","type-page","status-publish","hentry"],"_links":{"self":[{"href":"https:\/\/sl-tt.com\/en\/wp-json\/wp\/v2\/pages\/2291","targetHints":{"allow":["GET"]}}],"collection":[{"href":"https:\/\/sl-tt.com\/en\/wp-json\/wp\/v2\/pages"}],"about":[{"href":"https:\/\/sl-tt.com\/en\/wp-json\/wp\/v2\/types\/page"}],"author":[{"embeddable":true,"href":"https:\/\/sl-tt.com\/en\/wp-json\/wp\/v2\/users\/2"}],"replies":[{"embeddable":true,"href":"https:\/\/sl-tt.com\/en\/wp-json\/wp\/v2\/comments?post=2291"}],"version-history":[{"count":2,"href":"https:\/\/sl-tt.com\/en\/wp-json\/wp\/v2\/pages\/2291\/revisions"}],"predecessor-version":[{"id":2294,"href":"https:\/\/sl-tt.com\/en\/wp-json\/wp\/v2\/pages\/2291\/revisions\/2294"}],"wp:attachment":[{"href":"https:\/\/sl-tt.com\/en\/wp-json\/wp\/v2\/media?parent=2291"}],"curies":[{"name":"wp","href":"https:\/\/api.w.org\/{rel}","templated":true}]}}